{"id":1035,"date":"2023-12-20T10:40:14","date_gmt":"2023-12-20T10:40:14","guid":{"rendered":"https:\/\/podologatravessera.k8s.optimizaclick.com\/contacte\/"},"modified":"2024-01-30T11:47:00","modified_gmt":"2024-01-30T11:47:00","slug":"contacte","status":"publish","type":"page","link":"https:\/\/www.podologiatravessera.es\/ca\/contacte\/","title":{"rendered":"Contacte"},"content":{"rendered":"\t\t<div data-elementor-type=\"wp-post\" data-elementor-id=\"1035\" class=\"elementor elementor-1035\" data-elementor-post-type=\"page\">\n\t\t\t\t<div class=\"elementor-element elementor-element-d1TQjfdM e-con-full   e-flex e-con e-parent\" data-id=\"d1TQjfdM\" data-element_type=\"container\" data-e-type=\"container\" data-settings=\"{&quot;background_background&quot;:&quot;classic&quot;}\">\n\t\t\t\t<div class=\"elementor-element elementor-element-v9EM5mpP elementor-widget__width-inherit elementor-widget-mobile__width-inherit   elementor-widget elementor-widget-google_maps\" data-id=\"v9EM5mpP\" data-element_type=\"widget\" data-e-type=\"widget\" data-widget_type=\"google_maps.default\">\n\t\t\t\t<div class=\"elementor-widget-container\">\n\t\t\t\t\t\t\t<div class=\"elementor-custom-embed\">\n\t\t\t<iframe loading=\"lazy\"\n\t\t\t\t\tsrc=\"https:\/\/maps.google.com\/maps?q=Podolog%C3%ADa%20Travessera%20-%20Pod%C3%B3logo%20en%20Barcelona%2C%20Travessera%20de%20Gr%C3%A0cia%2C%20115%2C%20Local%201%2C%20Gr%C3%A0cia%2C%2008012%20Barcelona&#038;t=m&#038;z=10&#038;output=embed&#038;iwloc=near\"\n\t\t\t\t\ttitle=\"Podolog\u00eda Travessera - Pod\u00f3logo en Barcelona, Travessera de Gr\u00e0cia, 115, Local 1, Gr\u00e0cia, 08012 Barcelona\"\n\t\t\t\t\taria-label=\"Podolog\u00eda Travessera - Pod\u00f3logo en Barcelona, Travessera de Gr\u00e0cia, 115, Local 1, Gr\u00e0cia, 08012 Barcelona\"\n\t\t\t><\/iframe>\n\t\t<\/div>\n\t\t\t\t\t\t<\/div>\n\t\t\t\t<\/div>\n\t\t\t\t<\/div>\n\t\t<div class=\"elementor-element elementor-element-62eb1ac e-flex e-con-boxed e-con e-parent\" data-id=\"62eb1ac\" data-element_type=\"container\" data-e-type=\"container\">\n\t\t\t\t\t<div class=\"e-con-inner\">\n\t\t<div class=\"elementor-element elementor-element-4b42458 e-con-full e-flex e-con e-child\" data-id=\"4b42458\" data-element_type=\"container\" data-e-type=\"container\">\n\t\t\t\t<div class=\"elementor-element elementor-element-046f670 elementor-widget elementor-widget-heading\" data-id=\"046f670\" data-element_type=\"widget\" data-e-type=\"widget\" data-widget_type=\"heading.default\">\n\t\t\t\t<div class=\"elementor-widget-container\">\n\t\t\t\t\t<h2 class=\"elementor-heading-title elementor-size-default\">Informaci\u00f3 general<\/h2>\t\t\t\t<\/div>\n\t\t\t\t<\/div>\n\t\t\t\t<div class=\"elementor-element elementor-element-289a1f0 elementor-icon-list--layout-traditional elementor-list-item-link-full_width elementor-widget elementor-widget-icon-list\" data-id=\"289a1f0\" data-element_type=\"widget\" data-e-type=\"widget\" data-widget_type=\"icon-list.default\">\n\t\t\t\t<div class=\"elementor-widget-container\">\n\t\t\t\t\t\t\t<ul class=\"elementor-icon-list-items\">\n\t\t\t\t\t\t\t<li class=\"elementor-icon-list-item\">\n\t\t\t\t\t\t\t\t\t\t\t<a href=\"https:\/\/maps.app.goo.gl\/jcjasugi55ZeoVkV8\">\n\n\t\t\t\t\t\t\t\t\t\t\t<span class=\"elementor-icon-list-text\">Travessera de Gr\u00e0cia, 115 <br>Local 2 08012 Barcelona<\/span>\n\t\t\t\t\t\t\t\t\t\t\t<\/a>\n\t\t\t\t\t\t\t\t\t<\/li>\n\t\t\t\t\t\t\t\t<li class=\"elementor-icon-list-item\">\n\t\t\t\t\t\t\t\t\t\t\t<a href=\"mailto:podologiatravessera@gmail.com\">\n\n\t\t\t\t\t\t\t\t\t\t\t<span class=\"elementor-icon-list-text\">Email: podologiatravessera@gmail.com<\/span>\n\t\t\t\t\t\t\t\t\t\t\t<\/a>\n\t\t\t\t\t\t\t\t\t<\/li>\n\t\t\t\t\t\t\t\t<li class=\"elementor-icon-list-item\">\n\t\t\t\t\t\t\t\t\t\t\t<a href=\"tel:932%2037%2083%2013\">\n\n\t\t\t\t\t\t\t\t\t\t\t<span class=\"elementor-icon-list-text\">Tel\u00e8fon: 932 37 83 13<\/span>\n\t\t\t\t\t\t\t\t\t\t\t<\/a>\n\t\t\t\t\t\t\t\t\t<\/li>\n\t\t\t\t\t\t<\/ul>\n\t\t\t\t\t\t<\/div>\n\t\t\t\t<\/div>\n\t\t\t\t<div class=\"elementor-element elementor-element-596ae0c elementor-icon-list--layout-traditional elementor-list-item-link-full_width elementor-widget elementor-widget-icon-list\" data-id=\"596ae0c\" data-element_type=\"widget\" data-e-type=\"widget\" data-widget_type=\"icon-list.default\">\n\t\t\t\t<div class=\"elementor-widget-container\">\n\t\t\t\t\t\t\t<ul class=\"elementor-icon-list-items\">\n\t\t\t\t\t\t\t<li class=\"elementor-icon-list-item\">\n\t\t\t\t\t\t\t\t\t\t\t<span class=\"elementor-icon-list-icon\">\n\t\t\t\t\t\t\t<svg aria-hidden=\"true\" class=\"e-font-icon-svg e-fas-clock\" viewBox=\"0 0 512 512\" xmlns=\"http:\/\/www.w3.org\/2000\/svg\"><path d=\"M256,8C119,8,8,119,8,256S119,504,256,504,504,393,504,256,393,8,256,8Zm92.49,313h0l-20,25a16,16,0,0,1-22.49,2.5h0l-67-49.72a40,40,0,0,1-15-31.23V112a16,16,0,0,1,16-16h32a16,16,0,0,1,16,16V256l58,42.5A16,16,0,0,1,348.49,321Z\"><\/path><\/svg>\t\t\t\t\t\t<\/span>\n\t\t\t\t\t\t\t\t\t\t<span class=\"elementor-icon-list-text\"><span style=\"font-weight:700\">Horari<\/span><\/span>\n\t\t\t\t\t\t\t\t\t<\/li>\n\t\t\t\t\t\t\t\t<li class=\"elementor-icon-list-item\">\n\t\t\t\t\t\t\t\t\t\t<span class=\"elementor-icon-list-text\"><strong>Dilluns a dijous<\/strong>: <br>09:00 \u2013 14:00, 16:00 \u2013 20:00<\/span>\n\t\t\t\t\t\t\t\t\t<\/li>\n\t\t\t\t\t\t\t\t<li class=\"elementor-icon-list-item\">\n\t\t\t\t\t\t\t\t\t\t<span class=\"elementor-icon-list-text\"><strong>Divendres<\/strong>: <br>09:00 \u2013 14:00, 15:00 \u2013 18:30<\/span>\n\t\t\t\t\t\t\t\t\t<\/li>\n\t\t\t\t\t\t\t\t<li class=\"elementor-icon-list-item\">\n\t\t\t\t\t\t\t\t\t\t<span class=\"elementor-icon-list-text\"><strong>Dissabtes i diumenges<\/strong>: <br>Tancat<\/span>\n\t\t\t\t\t\t\t\t\t<\/li>\n\t\t\t\t\t\t<\/ul>\n\t\t\t\t\t\t<\/div>\n\t\t\t\t<\/div>\n\t\t\t\t<\/div>\n\t\t<div class=\"elementor-element elementor-element-8193115 e-con-full e-flex e-con e-child\" data-id=\"8193115\" data-element_type=\"container\" data-e-type=\"container\">\n\t\t\t\t<div class=\"elementor-element elementor-element-ea951a6 elementor-widget elementor-widget-heading\" data-id=\"ea951a6\" data-element_type=\"widget\" data-e-type=\"widget\" data-widget_type=\"heading.default\">\n\t\t\t\t<div class=\"elementor-widget-container\">\n\t\t\t\t\t<h2 class=\"elementor-heading-title elementor-size-default\">Contacta<\/h2>\t\t\t\t<\/div>\n\t\t\t\t<\/div>\n\t\t\t\t<div class=\"elementor-element elementor-element-79c3d6a elementor-widget-divider--view-line elementor-widget elementor-widget-global elementor-global-743 elementor-widget-divider\" data-id=\"79c3d6a\" data-element_type=\"widget\" data-e-type=\"widget\" data-widget_type=\"divider.default\">\n\t\t\t\t<div class=\"elementor-widget-container\">\n\t\t\t\t\t\t\t<div class=\"elementor-divider\">\n\t\t\t<span class=\"elementor-divider-separator\">\n\t\t\t\t\t\t<\/span>\n\t\t<\/div>\n\t\t\t\t\t\t<\/div>\n\t\t\t\t<\/div>\n\t\t\t\t<div class=\"elementor-element elementor-element-d82c76a elementor-button-align-start elementor-widget elementor-widget-form\" data-id=\"d82c76a\" data-element_type=\"widget\" data-e-type=\"widget\" data-settings=\"{&quot;step_next_label&quot;:&quot;Seg\\u00fcent&quot;,&quot;step_previous_label&quot;:&quot;Anterior&quot;,&quot;button_width&quot;:&quot;100&quot;,&quot;step_type&quot;:&quot;number_text&quot;,&quot;step_icon_shape&quot;:&quot;circle&quot;}\" data-widget_type=\"form.default\">\n\t\t\t\t<div class=\"elementor-widget-container\">\n\t\t\t\t\t\t\t<form class=\"elementor-form\" method=\"post\" name=\"Nou formulari\" aria-label=\"Nou formulari\">\n\t\t\t<input type=\"hidden\" name=\"post_id\" value=\"1035\"\/>\n\t\t\t<input type=\"hidden\" name=\"form_id\" value=\"d82c76a\"\/>\n\t\t\t<input type=\"hidden\" name=\"referer_title\" value=\"\u25b6\ufe0f Contacte \u3010 Podolog\u00eda Travesera \u3011\" \/>\n\n\t\t\t\t\t\t\t<input type=\"hidden\" name=\"queried_id\" value=\"1035\"\/>\n\t\t\t\n\t\t\t<div class=\"elementor-form-fields-wrapper elementor-labels-above\">\n\t\t\t\t\t\t\t\t<div class=\"elementor-field-type-text elementor-field-group elementor-column elementor-field-group-nombre elementor-col-50 elementor-field-required\">\n\t\t\t\t\t\t\t\t\t\t\t\t<label for=\"form-field-nombre\" class=\"elementor-field-label\">\n\t\t\t\t\t\t\t\tNom\t\t\t\t\t\t\t<\/label>\n\t\t\t\t\t\t\t\t\t\t\t\t\t\t<input size=\"1\" type=\"text\" name=\"form_fields[nombre]\" id=\"form-field-nombre\" class=\"elementor-field elementor-size-sm  elementor-field-textual\" placeholder=\"Nom\" required=\"required\">\n\t\t\t\t\t\t\t\t\t\t\t<\/div>\n\t\t\t\t\t\t\t\t<div class=\"elementor-field-type-text elementor-field-group elementor-column elementor-field-group-apellido elementor-col-50\">\n\t\t\t\t\t\t\t\t\t\t\t\t<label for=\"form-field-apellido\" class=\"elementor-field-label\">\n\t\t\t\t\t\t\t\tCognom\t\t\t\t\t\t\t<\/label>\n\t\t\t\t\t\t\t\t\t\t\t\t\t\t<input size=\"1\" type=\"text\" name=\"form_fields[apellido]\" id=\"form-field-apellido\" class=\"elementor-field elementor-size-sm  elementor-field-textual\" placeholder=\"Cognom\">\n\t\t\t\t\t\t\t\t\t\t\t<\/div>\n\t\t\t\t\t\t\t\t<div class=\"elementor-field-type-tel elementor-field-group elementor-column elementor-field-group-telefono elementor-col-50 elementor-field-required\">\n\t\t\t\t\t\t\t\t\t\t\t\t<label for=\"form-field-telefono\" class=\"elementor-field-label\">\n\t\t\t\t\t\t\t\ttel\u00e8fon\t\t\t\t\t\t\t<\/label>\n\t\t\t\t\t\t\t\t<input size=\"1\" type=\"tel\" name=\"form_fields[telefono]\" id=\"form-field-telefono\" class=\"elementor-field elementor-size-sm  elementor-field-textual\" placeholder=\"tel\u00e8fon\" required=\"required\" pattern=\"[0-9()#&amp;+*-=.]+\" title=\"Only numbers and phone characters (#, -, *, etc) are accepted.\">\n\n\t\t\t\t\t\t<\/div>\n\t\t\t\t\t\t\t\t<div class=\"elementor-field-type-email elementor-field-group elementor-column elementor-field-group-email elementor-col-50 elementor-field-required\">\n\t\t\t\t\t\t\t\t\t\t\t\t<label for=\"form-field-email\" class=\"elementor-field-label\">\n\t\t\t\t\t\t\t\tCorreu electr\u00f2nic\t\t\t\t\t\t\t<\/label>\n\t\t\t\t\t\t\t\t\t\t\t\t\t\t<input size=\"1\" type=\"email\" name=\"form_fields[email]\" id=\"form-field-email\" class=\"elementor-field elementor-size-sm  elementor-field-textual\" placeholder=\"email\" required=\"required\">\n\t\t\t\t\t\t\t\t\t\t\t<\/div>\n\t\t\t\t\t\t\t\t<div class=\"elementor-field-type-textarea elementor-field-group elementor-column elementor-field-group-message elementor-col-100\">\n\t\t\t\t\t\t\t\t\t\t\t\t<label for=\"form-field-message\" class=\"elementor-field-label\">\n\t\t\t\t\t\t\t\tConsulta\t\t\t\t\t\t\t<\/label>\n\t\t\t\t\t\t<textarea class=\"elementor-field-textual elementor-field  elementor-size-sm\" name=\"form_fields[message]\" id=\"form-field-message\" rows=\"4\" placeholder=\"Consulta\"><\/textarea>\t\t\t\t<\/div>\n\t\t\t\t\t\t\t\t<div class=\"elementor-field-type-acceptance elementor-field-group elementor-column elementor-field-group-field_b60dadc elementor-col-100 elementor-field-required\">\n\t\t\t\t\t\t\t<div class=\"elementor-field-subgroup\">\n\t\t\t<span class=\"elementor-field-option\">\n\t\t\t\t<input type=\"checkbox\" name=\"form_fields[field_b60dadc]\" id=\"form-field-field_b60dadc\" class=\"elementor-field elementor-size-sm  elementor-acceptance-field\" required=\"required\">\n\t\t\t\t<label for=\"form-field-field_b60dadc\">Abans de signar\/enviar la vostra sol\u00b7licitud, llegiu i accepteu la nostra informaci\u00f3 b\u00e0sica sobre protecci\u00f3 de dades continguda a la nostra <a href=\"https:\/\/podologiatravessera.es\/politica-de-privacidad\/\">Pol\u00edtica d'\u00fas de dades<\/a><\/label>\t\t\t<\/span>\n\t\t<\/div>\n\t\t\t\t\t\t<\/div>\n\t\t\t\t\t\t\t\t<div class=\"elementor-field-type-recaptcha_v3 elementor-field-group elementor-column elementor-field-group-field_077b98d elementor-col-100 recaptcha_v3-bottomright\">\n\t\t\t\t\t<div class=\"elementor-field\" id=\"form-field-field_077b98d\"><div class=\"elementor-g-recaptcha\" data-sitekey=\"6Ldv5WEpAAAAACoY4x2ofwyDOtvQWDGXfW9PNxlU\" data-type=\"v3\" data-action=\"Form\" data-badge=\"bottomright\" data-size=\"invisible\"><\/div><\/div>\t\t\t\t<\/div>\n\t\t\t\t\t\t\t\t<div class=\"elementor-field-type-text\">\n\t\t\t\t\t<input size=\"1\" type=\"text\" name=\"form_fields[field_86738c9]\" id=\"form-field-field_86738c9\" class=\"elementor-field elementor-size-sm \" style=\"display:none !important;\">\t\t\t\t<\/div>\n\t\t\t\t\t\t\t\t<div class=\"elementor-field-group elementor-column elementor-field-type-submit elementor-col-100 e-form__buttons\">\n\t\t\t\t\t<button class=\"elementor-button elementor-size-sm\" type=\"submit\">\n\t\t\t\t\t\t<span class=\"elementor-button-content-wrapper\">\n\t\t\t\t\t\t\t\t\t\t\t\t\t\t\t\t\t\t\t\t\t\t<span class=\"elementor-button-text\">ENVIAR<\/span>\n\t\t\t\t\t\t\t\t\t\t\t\t\t<\/span>\n\t\t\t\t\t<\/button>\n\t\t\t\t<\/div>\n\t\t\t<\/div>\n\t\t<\/form>\n\t\t\t\t\t\t<\/div>\n\t\t\t\t<\/div>\n\t\t\t\t<\/div>\n\t\t\t\t\t<\/div>\n\t\t\t\t<\/div>\n\t\t\t\t<\/div>\n\t\t","protected":false},"excerpt":{"rendered":"<p>Informaci\u00f3 general Travessera de Gr\u00e0cia, 115 Local 2 08012 Barcelona Email: podologiatravessera@gmail.com Tel\u00e8fon: 932 37 83 13 Horari Dilluns a dijous: 09:00 \u2013 14:00, 16:00 \u2013 20:00 Divendres: 09:00 \u2013 14:00, 15:00 \u2013 18:30 Dissabtes i diumenges: Tancat Contacta<\/p>\n","protected":false},"author":0,"featured_media":0,"parent":0,"menu_order":0,"comment_status":"closed","ping_status":"closed","template":"elementor_header_footer","meta":{"inline_featured_image":false,"footnotes":""},"class_list":["post-1035","page","type-page","status-publish","hentry"],"yoast_head":"<!-- This site is optimized with the Yoast SEO plugin v27.4 - https:\/\/yoast.com\/product\/yoast-seo-wordpress\/ -->\n<title>\u25b6\ufe0f Contacte \u3010 Podolog\u00eda Travesera \u3011<\/title>\n<meta name=\"robots\" content=\"index, follow, max-snippet:-1, max-image-preview:large, max-video-preview:-1\" \/>\n<link rel=\"canonical\" href=\"https:\/\/www.podologiatravessera.es\/ca\/contacte\/\" \/>\n<meta property=\"og:locale\" content=\"ca_ES\" \/>\n<meta property=\"og:type\" content=\"article\" \/>\n<meta property=\"og:title\" content=\"\u25b6\ufe0f Contacte \u3010 Podolog\u00eda Travesera \u3011\" \/>\n<meta property=\"og:description\" content=\"Informaci\u00f3 general Travessera de Gr\u00e0cia, 115 Local 2 08012 Barcelona Email: podologiatravessera@gmail.com Tel\u00e8fon: 932 37 83 13 Horari Dilluns a dijous: 09:00 \u2013 14:00, 16:00 \u2013 20:00 Divendres: 09:00 \u2013 14:00, 15:00 \u2013 18:30 Dissabtes i diumenges: Tancat Contacta\" \/>\n<meta property=\"og:url\" content=\"https:\/\/www.podologiatravessera.es\/ca\/contacte\/\" \/>\n<meta property=\"og:site_name\" content=\"podologiatravessera\" \/>\n<meta property=\"article:modified_time\" content=\"2024-01-30T11:47:00+00:00\" \/>\n<meta name=\"twitter:card\" content=\"summary_large_image\" \/>\n<script type=\"application\/ld+json\" class=\"yoast-schema-graph\">{\"@context\":\"https:\\\/\\\/schema.org\",\"@graph\":[{\"@type\":\"WebPage\",\"@id\":\"https:\\\/\\\/www.podologiatravessera.es\\\/ca\\\/contacte\\\/\",\"url\":\"https:\\\/\\\/www.podologiatravessera.es\\\/ca\\\/contacte\\\/\",\"name\":\"\u25b6\ufe0f Contacte \u3010 Podolog\u00eda Travesera \u3011\",\"isPartOf\":{\"@id\":\"https:\\\/\\\/www.podologiatravessera.es\\\/#website\"},\"datePublished\":\"2023-12-20T10:40:14+00:00\",\"dateModified\":\"2024-01-30T11:47:00+00:00\",\"breadcrumb\":{\"@id\":\"https:\\\/\\\/www.podologiatravessera.es\\\/ca\\\/contacte\\\/#breadcrumb\"},\"inLanguage\":\"ca\",\"potentialAction\":[{\"@type\":\"ReadAction\",\"target\":[\"https:\\\/\\\/www.podologiatravessera.es\\\/ca\\\/contacte\\\/\"]}]},{\"@type\":\"BreadcrumbList\",\"@id\":\"https:\\\/\\\/www.podologiatravessera.es\\\/ca\\\/contacte\\\/#breadcrumb\",\"itemListElement\":[{\"@type\":\"ListItem\",\"position\":1,\"name\":\"Pod\u00f3logos en Barcelona\",\"item\":\"https:\\\/\\\/www.podologiatravessera.es\\\/ca\\\/\"},{\"@type\":\"ListItem\",\"position\":2,\"name\":\"Contacte\"}]},{\"@type\":\"WebSite\",\"@id\":\"https:\\\/\\\/www.podologiatravessera.es\\\/#website\",\"url\":\"https:\\\/\\\/www.podologiatravessera.es\\\/\",\"name\":\"podologiatravessera\",\"description\":\"\",\"publisher\":{\"@id\":\"https:\\\/\\\/www.podologiatravessera.es\\\/#organization\"},\"potentialAction\":[{\"@type\":\"SearchAction\",\"target\":{\"@type\":\"EntryPoint\",\"urlTemplate\":\"https:\\\/\\\/www.podologiatravessera.es\\\/?s={search_term_string}\"},\"query-input\":{\"@type\":\"PropertyValueSpecification\",\"valueRequired\":true,\"valueName\":\"search_term_string\"}}],\"inLanguage\":\"ca\"},{\"@type\":\"Organization\",\"@id\":\"https:\\\/\\\/www.podologiatravessera.es\\\/#organization\",\"name\":\"podologiatravessera\",\"url\":\"https:\\\/\\\/www.podologiatravessera.es\\\/\",\"logo\":{\"@type\":\"ImageObject\",\"inLanguage\":\"ca\",\"@id\":\"https:\\\/\\\/www.podologiatravessera.es\\\/#\\\/schema\\\/logo\\\/image\\\/\",\"url\":\"https:\\\/\\\/www.podologiatravessera.es\\\/wp-content\\\/uploads\\\/2023\\\/11\\\/logo_podologia.jpg\",\"contentUrl\":\"https:\\\/\\\/www.podologiatravessera.es\\\/wp-content\\\/uploads\\\/2023\\\/11\\\/logo_podologia.jpg\",\"width\":2248,\"height\":851,\"caption\":\"podologiatravessera\"},\"image\":{\"@id\":\"https:\\\/\\\/www.podologiatravessera.es\\\/#\\\/schema\\\/logo\\\/image\\\/\"}}]}<\/script>\n<!-- \/ Yoast SEO plugin. -->","yoast_head_json":{"title":"\u25b6\ufe0f Contacte \u3010 Podolog\u00eda Travesera \u3011","robots":{"index":"index","follow":"follow","max-snippet":"max-snippet:-1","max-image-preview":"max-image-preview:large","max-video-preview":"max-video-preview:-1"},"canonical":"https:\/\/www.podologiatravessera.es\/ca\/contacte\/","og_locale":"ca_ES","og_type":"article","og_title":"\u25b6\ufe0f Contacte \u3010 Podolog\u00eda Travesera \u3011","og_description":"Informaci\u00f3 general Travessera de Gr\u00e0cia, 115 Local 2 08012 Barcelona Email: podologiatravessera@gmail.com Tel\u00e8fon: 932 37 83 13 Horari Dilluns a dijous: 09:00 \u2013 14:00, 16:00 \u2013 20:00 Divendres: 09:00 \u2013 14:00, 15:00 \u2013 18:30 Dissabtes i diumenges: Tancat Contacta","og_url":"https:\/\/www.podologiatravessera.es\/ca\/contacte\/","og_site_name":"podologiatravessera","article_modified_time":"2024-01-30T11:47:00+00:00","twitter_card":"summary_large_image","schema":{"@context":"https:\/\/schema.org","@graph":[{"@type":"WebPage","@id":"https:\/\/www.podologiatravessera.es\/ca\/contacte\/","url":"https:\/\/www.podologiatravessera.es\/ca\/contacte\/","name":"\u25b6\ufe0f Contacte \u3010 Podolog\u00eda Travesera \u3011","isPartOf":{"@id":"https:\/\/www.podologiatravessera.es\/#website"},"datePublished":"2023-12-20T10:40:14+00:00","dateModified":"2024-01-30T11:47:00+00:00","breadcrumb":{"@id":"https:\/\/www.podologiatravessera.es\/ca\/contacte\/#breadcrumb"},"inLanguage":"ca","potentialAction":[{"@type":"ReadAction","target":["https:\/\/www.podologiatravessera.es\/ca\/contacte\/"]}]},{"@type":"BreadcrumbList","@id":"https:\/\/www.podologiatravessera.es\/ca\/contacte\/#breadcrumb","itemListElement":[{"@type":"ListItem","position":1,"name":"Pod\u00f3logos en Barcelona","item":"https:\/\/www.podologiatravessera.es\/ca\/"},{"@type":"ListItem","position":2,"name":"Contacte"}]},{"@type":"WebSite","@id":"https:\/\/www.podologiatravessera.es\/#website","url":"https:\/\/www.podologiatravessera.es\/","name":"podologiatravessera","description":"","publisher":{"@id":"https:\/\/www.podologiatravessera.es\/#organization"},"potentialAction":[{"@type":"SearchAction","target":{"@type":"EntryPoint","urlTemplate":"https:\/\/www.podologiatravessera.es\/?s={search_term_string}"},"query-input":{"@type":"PropertyValueSpecification","valueRequired":true,"valueName":"search_term_string"}}],"inLanguage":"ca"},{"@type":"Organization","@id":"https:\/\/www.podologiatravessera.es\/#organization","name":"podologiatravessera","url":"https:\/\/www.podologiatravessera.es\/","logo":{"@type":"ImageObject","inLanguage":"ca","@id":"https:\/\/www.podologiatravessera.es\/#\/schema\/logo\/image\/","url":"https:\/\/www.podologiatravessera.es\/wp-content\/uploads\/2023\/11\/logo_podologia.jpg","contentUrl":"https:\/\/www.podologiatravessera.es\/wp-content\/uploads\/2023\/11\/logo_podologia.jpg","width":2248,"height":851,"caption":"podologiatravessera"},"image":{"@id":"https:\/\/www.podologiatravessera.es\/#\/schema\/logo\/image\/"}}]}},"_links":{"self":[{"href":"https:\/\/www.podologiatravessera.es\/ca\/wp-json\/wp\/v2\/pages\/1035","targetHints":{"allow":["GET"]}}],"collection":[{"href":"https:\/\/www.podologiatravessera.es\/ca\/wp-json\/wp\/v2\/pages"}],"about":[{"href":"https:\/\/www.podologiatravessera.es\/ca\/wp-json\/wp\/v2\/types\/page"}],"replies":[{"embeddable":true,"href":"https:\/\/www.podologiatravessera.es\/ca\/wp-json\/wp\/v2\/comments?post=1035"}],"version-history":[{"count":2,"href":"https:\/\/www.podologiatravessera.es\/ca\/wp-json\/wp\/v2\/pages\/1035\/revisions"}],"predecessor-version":[{"id":1078,"href":"https:\/\/www.podologiatravessera.es\/ca\/wp-json\/wp\/v2\/pages\/1035\/revisions\/1078"}],"wp:attachment":[{"href":"https:\/\/www.podologiatravessera.es\/ca\/wp-json\/wp\/v2\/media?parent=1035"}],"curies":[{"name":"wp","href":"https:\/\/api.w.org\/{rel}","templated":true}]}}